{"id":559,"date":"2024-06-25T21:22:06","date_gmt":"2024-06-25T19:22:06","guid":{"rendered":"https:\/\/alfaportas.eu\/kalkulatoren\/"},"modified":"2024-11-08T20:27:18","modified_gmt":"2024-11-08T19:27:18","slug":"kalkulatoren","status":"publish","type":"page","link":"https:\/\/alfaportas.eu\/de\/kalkulatoren\/","title":{"rendered":"Kalkulatoren"},"content":{"rendered":"\n<figure class=\"wp-block-image size-full\"><img decoding=\"async\" width=\"400\" height=\"400\" src=\"https:\/\/alfaportas.eu\/wp-content\/uploads\/2024\/11\/yoast-page-logo-mobil-2.jpg\" alt=\"\" class=\"wp-image-633\" srcset=\"https:\/\/alfaportas.eu\/wp-content\/uploads\/2024\/11\/yoast-page-logo-mobil-2.jpg 400w, https:\/\/alfaportas.eu\/wp-content\/uploads\/2024\/11\/yoast-page-logo-mobil-2-300x300.jpg 300w, https:\/\/alfaportas.eu\/wp-content\/uploads\/2024\/11\/yoast-page-logo-mobil-2-150x150.jpg 150w, https:\/\/alfaportas.eu\/wp-content\/uploads\/2024\/11\/yoast-page-logo-mobil-2-75x75.jpg 75w\" sizes=\"(max-width:767px) 400px, 400px\" \/><\/figure>\n\n\n<h2>Kalkulatoren<\/h2>\n<p>Unsere Kalkulatoren f\u00fcr Torhersteller sind ein unsch\u00e4tzbares Instrument f\u00fcr Gesch\u00e4ftspartner und H\u00e4ndler.<br \/>Sie erm\u00f6glichen eine einfache Vorbereitung und pr\u00e4zise Kalkulation von Projekten, einschlie\u00dflich Sektionaltore (ISO, ALU, Panorama), Rolltore und Schnelllauftore. Die Programme erstellen klare Angebote und detaillierte Projektspezifikationen mit der M\u00f6glichkeit, die Firmenidentit\u00e4t anzupassen. Dar\u00fcber hinaus bieten sie aktuelle Informationen \u00fcber Preise und Verf\u00fcgbarkeit von Produkten und Ersatzteilen. <a title=\"\" href=\"https:\/\/dc2.doorcalculation.com\/Login\/Login.aspx\" target=\"_blank\" rel=\"noopener\"><img decoding=\"async\" src=\"https:\/\/alfaportas.eu\/wp-content\/uploads\/2024\/08\/alpha_deuren.svg\" alt=\"\" \/><\/a><\/p>\n<h5>Alpha Deuren<\/h5>\n<p>Sektionaltore<br \/>Schnelllauftore<br \/>Verladetechnik<br \/><a title=\"\" href=\"https:\/\/www.rolltorkonfigurator.de\/\" target=\"_blank\" rel=\"noopener\"><img decoding=\"async\" src=\"https:\/\/alfaportas.eu\/wp-content\/uploads\/2024\/08\/Braselmann-Logo.webp\" alt=\"\" \/><\/a><\/p>\n<h5>Braselmann<\/h5>\n<p>Rolltore<br \/>Rollgitter<\/p>","protected":false},"excerpt":{"rendered":"<p>Kalkulatoren Unsere Kalkulatoren f\u00fcr Torhersteller sind ein unsch\u00e4tzbares Instrument f\u00fcr Gesch\u00e4ftspartner und H\u00e4ndler.Sie erm\u00f6glichen eine einfache Vorbereitung und pr\u00e4zise Kalkulation von Projekten, einschlie\u00dflich Sektionaltore (ISO, ALU,<span class=\"excerpt-hellip\"> [\u2026]<\/span><\/p>\n","protected":false},"author":5,"featured_media":0,"parent":0,"menu_order":0,"comment_status":"closed","ping_status":"closed","template":"","meta":{"footnotes":""},"class_list":["post-559","page","type-page","status-publish","hentry"],"yoast_head":"<!-- This site is optimized with the Yoast SEO Premium plugin v23.6 (Yoast SEO v27.5) - https:\/\/yoast.com\/product\/yoast-seo-premium-wordpress\/ -->\n<title>Alfa Portas | Kalkulator f\u00fcr industrielle Tore<\/title>\n<meta name=\"description\" content=\"Verwenden Sie den Kalkulator f\u00fcr Preisangebote und Spezifikationen von Industrietoren. Aktuelle Preise und Verf\u00fcgbarkeit f\u00fcr Partner\" \/>\n<meta name=\"robots\" content=\"index, follow, max-snippet:-1, max-image-preview:large, max-video-preview:-1\" \/>\n<link rel=\"canonical\" href=\"https:\/\/alfaportas.eu\/de\/kalkulatoren\/\" \/>\n<meta property=\"og:locale\" content=\"de_DE\" \/>\n<meta property=\"og:type\" content=\"article\" \/>\n<meta property=\"og:title\" content=\"Kalkulator f\u00fcr industrielle Tore - Alfa Portas\" \/>\n<meta property=\"og:description\" content=\"Einfache Berechnung und Spezifikation von Industrietoren mit aktuellen Preisen und Verf\u00fcgbarkeit\" \/>\n<meta property=\"og:url\" content=\"https:\/\/alfaportas.eu\/de\/kalkulatoren\/\" \/>\n<meta property=\"og:site_name\" content=\"Alfa Portas | modern\u00ed pr\u016fmyslov\u00e1 vrata\" \/>\n<meta property=\"article:publisher\" content=\"https:\/\/www.facebook.com\/alfaportascz\" \/>\n<meta property=\"article:modified_time\" content=\"2024-11-08T19:27:18+00:00\" \/>\n<meta property=\"og:image\" content=\"https:\/\/alfaportas.eu\/wp-content\/uploads\/2024\/06\/og-image-1024x538.jpg\" \/>\n<meta name=\"twitter:card\" content=\"summary_large_image\" \/>\n<meta name=\"twitter:title\" content=\"Kalkulator f\u00fcr industrielle Tore - Alfa Portas\" \/>\n<meta name=\"twitter:description\" content=\"Einfache Berechnung und Spezifikation von Industrietoren mit aktuellen Preisen und Verf\u00fcgbarkeit\" \/>\n<meta name=\"twitter:image\" content=\"https:\/\/alfaportas.eu\/wp-content\/uploads\/2024\/06\/og-image-1024x538.jpg\" \/>\n<meta name=\"twitter:label1\" content=\"Gesch\u00e4tzte Lesezeit\" \/>\n\t<meta name=\"twitter:data1\" content=\"1\u00a0Minute\" \/>\n<script type=\"application\/ld+json\" class=\"yoast-schema-graph\">{\"@context\":\"https:\\\/\\\/schema.org\",\"@graph\":[{\"@type\":\"WebPage\",\"@id\":\"https:\\\/\\\/alfaportas.eu\\\/de\\\/kalkulatoren\\\/\",\"url\":\"https:\\\/\\\/alfaportas.eu\\\/de\\\/kalkulatoren\\\/\",\"name\":\"Alfa Portas | Kalkulator f\u00fcr industrielle Tore\",\"isPartOf\":{\"@id\":\"https:\\\/\\\/alfaportas.eu\\\/de\\\/#website\"},\"primaryImageOfPage\":{\"@id\":\"https:\\\/\\\/alfaportas.eu\\\/de\\\/kalkulatoren\\\/#primaryimage\"},\"image\":{\"@id\":\"https:\\\/\\\/alfaportas.eu\\\/de\\\/kalkulatoren\\\/#primaryimage\"},\"thumbnailUrl\":\"https:\\\/\\\/alfaportas.eu\\\/wp-content\\\/uploads\\\/2024\\\/11\\\/yoast-page-logo-mobil-2.jpg\",\"datePublished\":\"2024-06-25T19:22:06+00:00\",\"dateModified\":\"2024-11-08T19:27:18+00:00\",\"description\":\"Verwenden Sie den Kalkulator f\u00fcr Preisangebote und Spezifikationen von Industrietoren. Aktuelle Preise und Verf\u00fcgbarkeit f\u00fcr Partner\",\"breadcrumb\":{\"@id\":\"https:\\\/\\\/alfaportas.eu\\\/de\\\/kalkulatoren\\\/#breadcrumb\"},\"inLanguage\":\"de\",\"potentialAction\":[{\"@type\":\"ReadAction\",\"target\":[\"https:\\\/\\\/alfaportas.eu\\\/de\\\/kalkulatoren\\\/\"]}]},{\"@type\":\"ImageObject\",\"inLanguage\":\"de\",\"@id\":\"https:\\\/\\\/alfaportas.eu\\\/de\\\/kalkulatoren\\\/#primaryimage\",\"url\":\"https:\\\/\\\/alfaportas.eu\\\/wp-content\\\/uploads\\\/2024\\\/11\\\/yoast-page-logo-mobil-2.jpg\",\"contentUrl\":\"https:\\\/\\\/alfaportas.eu\\\/wp-content\\\/uploads\\\/2024\\\/11\\\/yoast-page-logo-mobil-2.jpg\"},{\"@type\":\"BreadcrumbList\",\"@id\":\"https:\\\/\\\/alfaportas.eu\\\/de\\\/kalkulatoren\\\/#breadcrumb\",\"itemListElement\":[{\"@type\":\"ListItem\",\"position\":1,\"name\":\"Dom\u016f\",\"item\":\"https:\\\/\\\/alfaportas.eu\\\/de\\\/\"},{\"@type\":\"ListItem\",\"position\":2,\"name\":\"Kalkulatoren\"}]},{\"@type\":\"WebSite\",\"@id\":\"https:\\\/\\\/alfaportas.eu\\\/de\\\/#website\",\"url\":\"https:\\\/\\\/alfaportas.eu\\\/de\\\/\",\"name\":\"Alfa Portas | modern\u00ed pr\u016fmyslov\u00e1 vrata\",\"description\":\"\",\"publisher\":{\"@id\":\"https:\\\/\\\/alfaportas.eu\\\/de\\\/#organization\"},\"potentialAction\":[{\"@type\":\"SearchAction\",\"target\":{\"@type\":\"EntryPoint\",\"urlTemplate\":\"https:\\\/\\\/alfaportas.eu\\\/de\\\/?s={search_term_string}\"},\"query-input\":{\"@type\":\"PropertyValueSpecification\",\"valueRequired\":true,\"valueName\":\"search_term_string\"}}],\"inLanguage\":\"de\"},{\"@type\":\"Organization\",\"@id\":\"https:\\\/\\\/alfaportas.eu\\\/de\\\/#organization\",\"name\":\"Alfa Portas | modern\u00ed pr\u016fmyslov\u00e1 vrata\",\"alternateName\":\"AlfaPortas\",\"url\":\"https:\\\/\\\/alfaportas.eu\\\/de\\\/\",\"logo\":{\"@type\":\"ImageObject\",\"inLanguage\":\"de\",\"@id\":\"https:\\\/\\\/alfaportas.eu\\\/de\\\/#\\\/schema\\\/logo\\\/image\\\/\",\"url\":\"https:\\\/\\\/alfaportas.eu\\\/wp-content\\\/uploads\\\/2024\\\/06\\\/og-image.jpg\",\"contentUrl\":\"https:\\\/\\\/alfaportas.eu\\\/wp-content\\\/uploads\\\/2024\\\/06\\\/og-image.jpg\",\"width\":1200,\"height\":630,\"caption\":\"Alfa Portas | modern\u00ed pr\u016fmyslov\u00e1 vrata\"},\"image\":{\"@id\":\"https:\\\/\\\/alfaportas.eu\\\/de\\\/#\\\/schema\\\/logo\\\/image\\\/\"},\"sameAs\":[\"https:\\\/\\\/www.facebook.com\\\/alfaportascz\",\"https:\\\/\\\/www.instagram.com\\\/alfa_portas\\\/\",\"https:\\\/\\\/www.linkedin.com\\\/company\\\/alfa-portas-s.r.o.\\\/\",\"https:\\\/\\\/www.youtube.com\\\/@alfaportass.r.o.7056\"]}]}<\/script>\n<!-- \/ Yoast SEO Premium plugin. -->","yoast_head_json":{"title":"Alfa Portas | Kalkulator f\u00fcr industrielle Tore","description":"Verwenden Sie den Kalkulator f\u00fcr Preisangebote und Spezifikationen von Industrietoren. Aktuelle Preise und Verf\u00fcgbarkeit f\u00fcr Partner","robots":{"index":"index","follow":"follow","max-snippet":"max-snippet:-1","max-image-preview":"max-image-preview:large","max-video-preview":"max-video-preview:-1"},"canonical":"https:\/\/alfaportas.eu\/de\/kalkulatoren\/","og_locale":"de_DE","og_type":"article","og_title":"Kalkulator f\u00fcr industrielle Tore - Alfa Portas","og_description":"Einfache Berechnung und Spezifikation von Industrietoren mit aktuellen Preisen und Verf\u00fcgbarkeit","og_url":"https:\/\/alfaportas.eu\/de\/kalkulatoren\/","og_site_name":"Alfa Portas | modern\u00ed pr\u016fmyslov\u00e1 vrata","article_publisher":"https:\/\/www.facebook.com\/alfaportascz","article_modified_time":"2024-11-08T19:27:18+00:00","og_image":[{"url":"https:\/\/alfaportas.eu\/wp-content\/uploads\/2024\/06\/og-image-1024x538.jpg","type":"","width":"","height":""}],"twitter_card":"summary_large_image","twitter_title":"Kalkulator f\u00fcr industrielle Tore - Alfa Portas","twitter_description":"Einfache Berechnung und Spezifikation von Industrietoren mit aktuellen Preisen und Verf\u00fcgbarkeit","twitter_image":"https:\/\/alfaportas.eu\/wp-content\/uploads\/2024\/06\/og-image-1024x538.jpg","twitter_misc":{"Gesch\u00e4tzte Lesezeit":"1\u00a0Minute"},"schema":{"@context":"https:\/\/schema.org","@graph":[{"@type":"WebPage","@id":"https:\/\/alfaportas.eu\/de\/kalkulatoren\/","url":"https:\/\/alfaportas.eu\/de\/kalkulatoren\/","name":"Alfa Portas | Kalkulator f\u00fcr industrielle Tore","isPartOf":{"@id":"https:\/\/alfaportas.eu\/de\/#website"},"primaryImageOfPage":{"@id":"https:\/\/alfaportas.eu\/de\/kalkulatoren\/#primaryimage"},"image":{"@id":"https:\/\/alfaportas.eu\/de\/kalkulatoren\/#primaryimage"},"thumbnailUrl":"https:\/\/alfaportas.eu\/wp-content\/uploads\/2024\/11\/yoast-page-logo-mobil-2.jpg","datePublished":"2024-06-25T19:22:06+00:00","dateModified":"2024-11-08T19:27:18+00:00","description":"Verwenden Sie den Kalkulator f\u00fcr Preisangebote und Spezifikationen von Industrietoren. Aktuelle Preise und Verf\u00fcgbarkeit f\u00fcr Partner","breadcrumb":{"@id":"https:\/\/alfaportas.eu\/de\/kalkulatoren\/#breadcrumb"},"inLanguage":"de","potentialAction":[{"@type":"ReadAction","target":["https:\/\/alfaportas.eu\/de\/kalkulatoren\/"]}]},{"@type":"ImageObject","inLanguage":"de","@id":"https:\/\/alfaportas.eu\/de\/kalkulatoren\/#primaryimage","url":"https:\/\/alfaportas.eu\/wp-content\/uploads\/2024\/11\/yoast-page-logo-mobil-2.jpg","contentUrl":"https:\/\/alfaportas.eu\/wp-content\/uploads\/2024\/11\/yoast-page-logo-mobil-2.jpg"},{"@type":"BreadcrumbList","@id":"https:\/\/alfaportas.eu\/de\/kalkulatoren\/#breadcrumb","itemListElement":[{"@type":"ListItem","position":1,"name":"Dom\u016f","item":"https:\/\/alfaportas.eu\/de\/"},{"@type":"ListItem","position":2,"name":"Kalkulatoren"}]},{"@type":"WebSite","@id":"https:\/\/alfaportas.eu\/de\/#website","url":"https:\/\/alfaportas.eu\/de\/","name":"Alfa Portas | modern\u00ed pr\u016fmyslov\u00e1 vrata","description":"","publisher":{"@id":"https:\/\/alfaportas.eu\/de\/#organization"},"potentialAction":[{"@type":"SearchAction","target":{"@type":"EntryPoint","urlTemplate":"https:\/\/alfaportas.eu\/de\/?s={search_term_string}"},"query-input":{"@type":"PropertyValueSpecification","valueRequired":true,"valueName":"search_term_string"}}],"inLanguage":"de"},{"@type":"Organization","@id":"https:\/\/alfaportas.eu\/de\/#organization","name":"Alfa Portas | modern\u00ed pr\u016fmyslov\u00e1 vrata","alternateName":"AlfaPortas","url":"https:\/\/alfaportas.eu\/de\/","logo":{"@type":"ImageObject","inLanguage":"de","@id":"https:\/\/alfaportas.eu\/de\/#\/schema\/logo\/image\/","url":"https:\/\/alfaportas.eu\/wp-content\/uploads\/2024\/06\/og-image.jpg","contentUrl":"https:\/\/alfaportas.eu\/wp-content\/uploads\/2024\/06\/og-image.jpg","width":1200,"height":630,"caption":"Alfa Portas | modern\u00ed pr\u016fmyslov\u00e1 vrata"},"image":{"@id":"https:\/\/alfaportas.eu\/de\/#\/schema\/logo\/image\/"},"sameAs":["https:\/\/www.facebook.com\/alfaportascz","https:\/\/www.instagram.com\/alfa_portas\/","https:\/\/www.linkedin.com\/company\/alfa-portas-s.r.o.\/","https:\/\/www.youtube.com\/@alfaportass.r.o.7056"]}]}},"_links":{"self":[{"href":"https:\/\/alfaportas.eu\/de\/wp-json\/wp\/v2\/pages\/559","targetHints":{"allow":["GET"]}}],"collection":[{"href":"https:\/\/alfaportas.eu\/de\/wp-json\/wp\/v2\/pages"}],"about":[{"href":"https:\/\/alfaportas.eu\/de\/wp-json\/wp\/v2\/types\/page"}],"author":[{"embeddable":true,"href":"https:\/\/alfaportas.eu\/de\/wp-json\/wp\/v2\/users\/5"}],"replies":[{"embeddable":true,"href":"https:\/\/alfaportas.eu\/de\/wp-json\/wp\/v2\/comments?post=559"}],"version-history":[{"count":0,"href":"https:\/\/alfaportas.eu\/de\/wp-json\/wp\/v2\/pages\/559\/revisions"}],"wp:attachment":[{"href":"https:\/\/alfaportas.eu\/de\/wp-json\/wp\/v2\/media?parent=559"}],"curies":[{"name":"wp","href":"https:\/\/api.w.org\/{rel}","templated":true}]}}