{"id":1061,"date":"2024-06-25T19:21:56","date_gmt":"2024-06-25T17:21:56","guid":{"rendered":"https:\/\/alfaportas.eu\/rollgitter\/park\/"},"modified":"2025-06-03T19:23:23","modified_gmt":"2025-06-03T17:23:23","slug":"park","status":"publish","type":"page","link":"https:\/\/alfaportas.eu\/de\/rollgitter\/park\/","title":{"rendered":"Park"},"content":{"rendered":"","protected":false},"excerpt":{"rendered":"","protected":false},"author":5,"featured_media":0,"parent":1056,"menu_order":0,"comment_status":"closed","ping_status":"closed","template":"","meta":{"footnotes":""},"class_list":["post-1061","page","type-page","status-publish","hentry"],"yoast_head":"<!-- This site is optimized with the Yoast SEO Premium plugin v23.6 (Yoast SEO v27.5) - https:\/\/yoast.com\/product\/yoast-seo-premium-wordpress\/ -->\n<title>Park | Alfa Portas | modern\u00ed pr\u016fmyslov\u00e1 vrata<\/title>\n<meta name=\"robots\" content=\"index, follow, max-snippet:-1, max-image-preview:large, max-video-preview:-1\" \/>\n<link rel=\"canonical\" href=\"https:\/\/alfaportas.eu\/de\/rollgitter\/park\/\" \/>\n<meta property=\"og:locale\" content=\"de_DE\" \/>\n<meta property=\"og:type\" content=\"article\" \/>\n<meta property=\"og:title\" content=\"Park\" \/>\n<meta property=\"og:url\" content=\"https:\/\/alfaportas.eu\/de\/rollgitter\/park\/\" \/>\n<meta property=\"og:site_name\" content=\"Alfa Portas | modern\u00ed pr\u016fmyslov\u00e1 vrata\" \/>\n<meta property=\"article:publisher\" content=\"https:\/\/www.facebook.com\/alfaportascz\" \/>\n<meta property=\"article:modified_time\" content=\"2025-06-03T17:23:23+00:00\" \/>\n<meta name=\"twitter:card\" content=\"summary_large_image\" \/>\n<script type=\"application\/ld+json\" class=\"yoast-schema-graph\">{\"@context\":\"https:\\\/\\\/schema.org\",\"@graph\":[{\"@type\":\"WebPage\",\"@id\":\"https:\\\/\\\/alfaportas.eu\\\/de\\\/rollgitter\\\/park\\\/\",\"url\":\"https:\\\/\\\/alfaportas.eu\\\/de\\\/rollgitter\\\/park\\\/\",\"name\":\"Park | Alfa Portas | modern\u00ed pr\u016fmyslov\u00e1 vrata\",\"isPartOf\":{\"@id\":\"https:\\\/\\\/alfaportas.eu\\\/de\\\/#website\"},\"datePublished\":\"2024-06-25T17:21:56+00:00\",\"dateModified\":\"2025-06-03T17:23:23+00:00\",\"breadcrumb\":{\"@id\":\"https:\\\/\\\/alfaportas.eu\\\/de\\\/rollgitter\\\/park\\\/#breadcrumb\"},\"inLanguage\":\"de\",\"potentialAction\":[{\"@type\":\"ReadAction\",\"target\":[\"https:\\\/\\\/alfaportas.eu\\\/de\\\/rollgitter\\\/park\\\/\"]}]},{\"@type\":\"BreadcrumbList\",\"@id\":\"https:\\\/\\\/alfaportas.eu\\\/de\\\/rollgitter\\\/park\\\/#breadcrumb\",\"itemListElement\":[{\"@type\":\"ListItem\",\"position\":1,\"name\":\"Dom\u016f\",\"item\":\"https:\\\/\\\/alfaportas.eu\\\/de\\\/\"},{\"@type\":\"ListItem\",\"position\":2,\"name\":\"Rollgitter\",\"item\":\"https:\\\/\\\/alfaportas.eu\\\/de\\\/rolovaci-mrize\\\/\"},{\"@type\":\"ListItem\",\"position\":3,\"name\":\"Park\"}]},{\"@type\":\"WebSite\",\"@id\":\"https:\\\/\\\/alfaportas.eu\\\/de\\\/#website\",\"url\":\"https:\\\/\\\/alfaportas.eu\\\/de\\\/\",\"name\":\"Alfa Portas | modern\u00ed pr\u016fmyslov\u00e1 vrata\",\"description\":\"\",\"publisher\":{\"@id\":\"https:\\\/\\\/alfaportas.eu\\\/de\\\/#organization\"},\"potentialAction\":[{\"@type\":\"SearchAction\",\"target\":{\"@type\":\"EntryPoint\",\"urlTemplate\":\"https:\\\/\\\/alfaportas.eu\\\/de\\\/?s={search_term_string}\"},\"query-input\":{\"@type\":\"PropertyValueSpecification\",\"valueRequired\":true,\"valueName\":\"search_term_string\"}}],\"inLanguage\":\"de\"},{\"@type\":\"Organization\",\"@id\":\"https:\\\/\\\/alfaportas.eu\\\/de\\\/#organization\",\"name\":\"Alfa Portas | modern\u00ed pr\u016fmyslov\u00e1 vrata\",\"alternateName\":\"AlfaPortas\",\"url\":\"https:\\\/\\\/alfaportas.eu\\\/de\\\/\",\"logo\":{\"@type\":\"ImageObject\",\"inLanguage\":\"de\",\"@id\":\"https:\\\/\\\/alfaportas.eu\\\/de\\\/#\\\/schema\\\/logo\\\/image\\\/\",\"url\":\"https:\\\/\\\/alfaportas.eu\\\/wp-content\\\/uploads\\\/2024\\\/06\\\/og-image.jpg\",\"contentUrl\":\"https:\\\/\\\/alfaportas.eu\\\/wp-content\\\/uploads\\\/2024\\\/06\\\/og-image.jpg\",\"width\":1200,\"height\":630,\"caption\":\"Alfa Portas | modern\u00ed pr\u016fmyslov\u00e1 vrata\"},\"image\":{\"@id\":\"https:\\\/\\\/alfaportas.eu\\\/de\\\/#\\\/schema\\\/logo\\\/image\\\/\"},\"sameAs\":[\"https:\\\/\\\/www.facebook.com\\\/alfaportascz\",\"https:\\\/\\\/www.instagram.com\\\/alfa_portas\\\/\",\"https:\\\/\\\/www.linkedin.com\\\/company\\\/alfa-portas-s.r.o.\\\/\",\"https:\\\/\\\/www.youtube.com\\\/@alfaportass.r.o.7056\"]}]}<\/script>\n<!-- \/ Yoast SEO Premium plugin. -->","yoast_head_json":{"title":"Park | Alfa Portas | modern\u00ed pr\u016fmyslov\u00e1 vrata","robots":{"index":"index","follow":"follow","max-snippet":"max-snippet:-1","max-image-preview":"max-image-preview:large","max-video-preview":"max-video-preview:-1"},"canonical":"https:\/\/alfaportas.eu\/de\/rollgitter\/park\/","og_locale":"de_DE","og_type":"article","og_title":"Park","og_url":"https:\/\/alfaportas.eu\/de\/rollgitter\/park\/","og_site_name":"Alfa Portas | modern\u00ed pr\u016fmyslov\u00e1 vrata","article_publisher":"https:\/\/www.facebook.com\/alfaportascz","article_modified_time":"2025-06-03T17:23:23+00:00","twitter_card":"summary_large_image","schema":{"@context":"https:\/\/schema.org","@graph":[{"@type":"WebPage","@id":"https:\/\/alfaportas.eu\/de\/rollgitter\/park\/","url":"https:\/\/alfaportas.eu\/de\/rollgitter\/park\/","name":"Park | Alfa Portas | modern\u00ed pr\u016fmyslov\u00e1 vrata","isPartOf":{"@id":"https:\/\/alfaportas.eu\/de\/#website"},"datePublished":"2024-06-25T17:21:56+00:00","dateModified":"2025-06-03T17:23:23+00:00","breadcrumb":{"@id":"https:\/\/alfaportas.eu\/de\/rollgitter\/park\/#breadcrumb"},"inLanguage":"de","potentialAction":[{"@type":"ReadAction","target":["https:\/\/alfaportas.eu\/de\/rollgitter\/park\/"]}]},{"@type":"BreadcrumbList","@id":"https:\/\/alfaportas.eu\/de\/rollgitter\/park\/#breadcrumb","itemListElement":[{"@type":"ListItem","position":1,"name":"Dom\u016f","item":"https:\/\/alfaportas.eu\/de\/"},{"@type":"ListItem","position":2,"name":"Rollgitter","item":"https:\/\/alfaportas.eu\/de\/rolovaci-mrize\/"},{"@type":"ListItem","position":3,"name":"Park"}]},{"@type":"WebSite","@id":"https:\/\/alfaportas.eu\/de\/#website","url":"https:\/\/alfaportas.eu\/de\/","name":"Alfa Portas | modern\u00ed pr\u016fmyslov\u00e1 vrata","description":"","publisher":{"@id":"https:\/\/alfaportas.eu\/de\/#organization"},"potentialAction":[{"@type":"SearchAction","target":{"@type":"EntryPoint","urlTemplate":"https:\/\/alfaportas.eu\/de\/?s={search_term_string}"},"query-input":{"@type":"PropertyValueSpecification","valueRequired":true,"valueName":"search_term_string"}}],"inLanguage":"de"},{"@type":"Organization","@id":"https:\/\/alfaportas.eu\/de\/#organization","name":"Alfa Portas | modern\u00ed pr\u016fmyslov\u00e1 vrata","alternateName":"AlfaPortas","url":"https:\/\/alfaportas.eu\/de\/","logo":{"@type":"ImageObject","inLanguage":"de","@id":"https:\/\/alfaportas.eu\/de\/#\/schema\/logo\/image\/","url":"https:\/\/alfaportas.eu\/wp-content\/uploads\/2024\/06\/og-image.jpg","contentUrl":"https:\/\/alfaportas.eu\/wp-content\/uploads\/2024\/06\/og-image.jpg","width":1200,"height":630,"caption":"Alfa Portas | modern\u00ed pr\u016fmyslov\u00e1 vrata"},"image":{"@id":"https:\/\/alfaportas.eu\/de\/#\/schema\/logo\/image\/"},"sameAs":["https:\/\/www.facebook.com\/alfaportascz","https:\/\/www.instagram.com\/alfa_portas\/","https:\/\/www.linkedin.com\/company\/alfa-portas-s.r.o.\/","https:\/\/www.youtube.com\/@alfaportass.r.o.7056"]}]}},"_links":{"self":[{"href":"https:\/\/alfaportas.eu\/de\/wp-json\/wp\/v2\/pages\/1061","targetHints":{"allow":["GET"]}}],"collection":[{"href":"https:\/\/alfaportas.eu\/de\/wp-json\/wp\/v2\/pages"}],"about":[{"href":"https:\/\/alfaportas.eu\/de\/wp-json\/wp\/v2\/types\/page"}],"author":[{"embeddable":true,"href":"https:\/\/alfaportas.eu\/de\/wp-json\/wp\/v2\/users\/5"}],"replies":[{"embeddable":true,"href":"https:\/\/alfaportas.eu\/de\/wp-json\/wp\/v2\/comments?post=1061"}],"version-history":[{"count":1,"href":"https:\/\/alfaportas.eu\/de\/wp-json\/wp\/v2\/pages\/1061\/revisions"}],"predecessor-version":[{"id":1062,"href":"https:\/\/alfaportas.eu\/de\/wp-json\/wp\/v2\/pages\/1061\/revisions\/1062"}],"up":[{"embeddable":true,"href":"https:\/\/alfaportas.eu\/de\/wp-json\/wp\/v2\/pages\/1056"}],"wp:attachment":[{"href":"https:\/\/alfaportas.eu\/de\/wp-json\/wp\/v2\/media?parent=1061"}],"curies":[{"name":"wp","href":"https:\/\/api.w.org\/{rel}","templated":true}]}}